{"id":8399,"date":"2022-04-20T16:41:40","date_gmt":"2022-04-20T16:41:40","guid":{"rendered":"http:\/\/redhost:8888\/soulkitchen\/?page_id=8399"},"modified":"2025-02-05T08:34:06","modified_gmt":"2025-02-05T08:34:06","slug":"galeria","status":"publish","type":"page","link":"https:\/\/warzelniasmakow.pl\/index.php\/galeria\/","title":{"rendered":"Galeria"},"content":{"rendered":"\n\t<section id=\"section-gallery-mb-block-d5f66da5-a8fb-43e2-9264-10f57b96f643\" class=\"section section-gallery  alignfull \">\n\n\t\t<div class=\"gallery-wrap twelve\">\n\t\t\t\t\t<div class=\"gallery-images-masonry \">\n\n\t\t\t\t<div class=\"grid-sizer-gallery\"><\/div>\n\t\t\t\t\n\t\t\t\t\t\t<div class=\"gallery-image-wrap half-width square\" data-aos=\"fade-up\" data-aos-delay=\"100\"  >\n\n\t\t\t\t\t\t\t<div class=\"gallery-image-wrap-inner\">\n\n\t\t\t\t\t\t\t\t\t\t\t\t\t\t\t\t\t<a href=\"https:\/\/warzelniasmakow.pl\/wp-content\/uploads\/2025\/02\/warzelniasmakow-wieliczka-andrzejki-imprezaokolicznosciowa-rezerwacjasali-1600x1155.jpg\" class=\"links_to_image\" \">\n\t\t\t\t\t\t\t\t\t\t\t\t    \t\n\t\t\t\t\t\t\t\t\t<div class=\"gallery-image\" style=\"background-image: url(https:\/\/warzelniasmakow.pl\/wp-content\/uploads\/2025\/02\/warzelniasmakow-wieliczka-andrzejki-imprezaokolicznosciowa-rezerwacjasali-1600x1155.jpg);\"><\/div>\n\n\t\t\t\t\t\t\t\t\t\n\t\t\t\t\t\t\t\t\t\t\t\t\t\t\t\t\t<\/a>\n\t\t\t\t\t\t\t\t\n\t\t\t\t\t\t\t<\/div>\n\t\t   \t \n\t\t\t\t\t\t<\/div>\n\t\t\t\t\t\t\n\t\t\t\t\n\t\t\t\n\t\t\t\t\t\t<div class=\"gallery-image-wrap quarter-width square\" data-aos=\"fade-up\" data-aos-delay=\"100\"  >\n\n\t\t\t\t\t\t\t<div class=\"gallery-image-wrap-inner\">\n\n\t\t\t\t\t\t\t\t\t\t\t\t\t\t\t\t\t<a href=\"https:\/\/warzelniasmakow.pl\/wp-content\/uploads\/2025\/02\/warzelniasmakow-wieliczka-barirestauracja-barwieliczka-restaurantwieliczka-1600x1155.jpg\" class=\"links_to_image\" \">\n\t\t\t\t\t\t\t\t\t\t\t\t    \t\n\t\t\t\t\t\t\t\t\t<div class=\"gallery-image\" style=\"background-image: url(https:\/\/warzelniasmakow.pl\/wp-content\/uploads\/2025\/02\/warzelniasmakow-wieliczka-barirestauracja-barwieliczka-restaurantwieliczka-1600x1155.jpg);\"><\/div>\n\n\t\t\t\t\t\t\t\t\t\n\t\t\t\t\t\t\t\t\t\t\t\t\t\t\t\t\t<\/a>\n\t\t\t\t\t\t\t\t\n\t\t\t\t\t\t\t<\/div>\n\t\t   \t \n\t\t\t\t\t\t<\/div>\n\t\t\t\t\t\t\n\t\t\t\t\n\t\t\t\n\t\t\t\t\t\t<div class=\"gallery-image-wrap quarter uncropped\" data-aos=\"fade-up\" data-aos-delay=\"100\"  >\n\n\t\t\t\t\t\t\t<div class=\"gallery-image-wrap-inner\">\n\n\t\t\t\t\t\t\t\t\t\t\t\t\t\t\t\t\t<a href=\"https:\/\/warzelniasmakow.pl\/wp-content\/uploads\/2025\/02\/warzelniasmakow-wieliczka-barwieliczka-piwo-guiness-powyzej18-800x533.jpg\" class=\"links_to_image\" \">\n\t\t\t\t\t\t\t\t\t\t\t\t    \t\n\t\t\t\t\t\t\t\t\t<div class=\"gallery-image\" style=\"background-image: url(https:\/\/warzelniasmakow.pl\/wp-content\/uploads\/2025\/02\/warzelniasmakow-wieliczka-barwieliczka-piwo-guiness-powyzej18-800x533.jpg);\"><\/div>\n\n\t\t\t\t\t\t\t\t\t\n\t\t\t\t\t\t\t\t\t\t\t\t\t\t\t\t\t<\/a>\n\t\t\t\t\t\t\t\t\n\t\t\t\t\t\t\t<\/div>\n\t\t   \t \n\t\t\t\t\t\t<\/div>\n\t\t\t\t\t\t\n\t\t\t\t\n\t\t\t\n\t\t\t\t\t\t<div class=\"gallery-image-wrap quarter uncropped\" data-aos=\"fade-up\" data-aos-delay=\"100\"  >\n\n\t\t\t\t\t\t\t<div class=\"gallery-image-wrap-inner\">\n\n\t\t\t\t\t\t\t\t\t\t\t\t\t\t\t\t\t<a href=\"https:\/\/warzelniasmakow.pl\/wp-content\/uploads\/2025\/02\/warzelniasmakow-wieliczka-budyneknoca-visavikopalniasoli-restauracjanajblizejkopalnisoli-800x533.jpg\" class=\"links_to_image\" \">\n\t\t\t\t\t\t\t\t\t\t\t\t    \t\n\t\t\t\t\t\t\t\t\t<div class=\"gallery-image\" style=\"background-image: url(https:\/\/warzelniasmakow.pl\/wp-content\/uploads\/2025\/02\/warzelniasmakow-wieliczka-budyneknoca-visavikopalniasoli-restauracjanajblizejkopalnisoli-800x533.jpg);\"><\/div>\n\n\t\t\t\t\t\t\t\t\t\n\t\t\t\t\t\t\t\t\t\t\t\t\t\t\t\t\t<\/a>\n\t\t\t\t\t\t\t\t\n\t\t\t\t\t\t\t<\/div>\n\t\t   \t \n\t\t\t\t\t\t<\/div>\n\t\t\t\t\t\t\n\t\t\t\t\n\t\t\t\n\t\t\t\t\t\t<div class=\"gallery-image-wrap quarter-width square\" data-aos=\"fade-up\" data-aos-delay=\"100\"  >\n\n\t\t\t\t\t\t\t<div class=\"gallery-image-wrap-inner\">\n\n\t\t\t\t\t\t\t\t\t\t\t\t\t\t\t\t\t<a href=\"https:\/\/warzelniasmakow.pl\/wp-content\/uploads\/2025\/02\/warzelniasmakow-wieliczka-rezerwacjastolika-obiadrodzinny-urodziny-imprezaokolicznosciowa-1600x1155.jpg\" class=\"links_to_image\" \">\n\t\t\t\t\t\t\t\t\t\t\t\t    \t\n\t\t\t\t\t\t\t\t\t<div class=\"gallery-image\" style=\"background-image: url(https:\/\/warzelniasmakow.pl\/wp-content\/uploads\/2025\/02\/warzelniasmakow-wieliczka-rezerwacjastolika-obiadrodzinny-urodziny-imprezaokolicznosciowa-1600x1155.jpg);\"><\/div>\n\n\t\t\t\t\t\t\t\t\t\n\t\t\t\t\t\t\t\t\t\t\t\t\t\t\t\t\t<\/a>\n\t\t\t\t\t\t\t\t\n\t\t\t\t\t\t\t<\/div>\n\t\t   \t \n\t\t\t\t\t\t<\/div>\n\t\t\t\t\t\t\n\t\t\t\t\n\t\t\t\n\t\t\t\t\t\t<div class=\"gallery-image-wrap quarter uncropped\" data-aos=\"fade-up\" data-aos-delay=\"100\"  >\n\n\t\t\t\t\t\t\t<div class=\"gallery-image-wrap-inner\">\n\n\t\t\t\t\t\t\t\t\t\t\t\t\t\t\t\t\t<a href=\"https:\/\/warzelniasmakow.pl\/wp-content\/uploads\/2025\/02\/warzelniasmakow-wieliczka-barwieliczkaa-lemoniada-lemoniade-lemon-napojezimne-800x533.jpg\" class=\"links_to_image\" \">\n\t\t\t\t\t\t\t\t\t\t\t\t    \t\n\t\t\t\t\t\t\t\t\t<div class=\"gallery-image\" style=\"background-image: url(https:\/\/warzelniasmakow.pl\/wp-content\/uploads\/2025\/02\/warzelniasmakow-wieliczka-barwieliczkaa-lemoniada-lemoniade-lemon-napojezimne-800x533.jpg);\"><\/div>\n\n\t\t\t\t\t\t\t\t\t\n\t\t\t\t\t\t\t\t\t\t\t\t\t\t\t\t\t<\/a>\n\t\t\t\t\t\t\t\t\n\t\t\t\t\t\t\t<\/div>\n\t\t   \t \n\t\t\t\t\t\t<\/div>\n\t\t\t\t\t\t\n\t\t\t\t\n\t\t\t\n\t\t\t\t\t\t<div class=\"gallery-image-wrap quarter uncropped\" data-aos=\"fade-up\" data-aos-delay=\"100\"  >\n\n\t\t\t\t\t\t\t<div class=\"gallery-image-wrap-inner\">\n\n\t\t\t\t\t\t\t\t\t\t\t\t\t\t\t\t\t<a href=\"https:\/\/warzelniasmakow.pl\/wp-content\/uploads\/2025\/02\/warzelniasmakow-wieliczka-barwieliczka-rum-cola-drink-zabawa-powyej18-800x1200.jpg\" class=\"links_to_image\" \">\n\t\t\t\t\t\t\t\t\t\t\t\t    \t\n\t\t\t\t\t\t\t\t\t<div class=\"gallery-image\" style=\"background-image: url(https:\/\/warzelniasmakow.pl\/wp-content\/uploads\/2025\/02\/warzelniasmakow-wieliczka-barwieliczka-rum-cola-drink-zabawa-powyej18-800x1200.jpg);\"><\/div>\n\n\t\t\t\t\t\t\t\t\t\n\t\t\t\t\t\t\t\t\t\t\t\t\t\t\t\t\t<\/a>\n\t\t\t\t\t\t\t\t\n\t\t\t\t\t\t\t<\/div>\n\t\t   \t \n\t\t\t\t\t\t<\/div>\n\t\t\t\t\t\t\n\t\t\t\t\n\t\t\t\n\t\t\t\t\t\t<div class=\"gallery-image-wrap half-width square\" data-aos=\"fade-up\" data-aos-delay=\"100\"  >\n\n\t\t\t\t\t\t\t<div class=\"gallery-image-wrap-inner\">\n\n\t\t\t\t\t\t\t\t\t\t\t\t\t\t\t\t\t<a href=\"https:\/\/warzelniasmakow.pl\/wp-content\/uploads\/2025\/02\/warzelniasmakow-wieliczka-barirestauracjawieliczka-drinki-kawa-coffeedrinks-powyzej18-1600x1155.jpg\" class=\"links_to_image\" \">\n\t\t\t\t\t\t\t\t\t\t\t\t    \t\n\t\t\t\t\t\t\t\t\t<div class=\"gallery-image\" style=\"background-image: url(https:\/\/warzelniasmakow.pl\/wp-content\/uploads\/2025\/02\/warzelniasmakow-wieliczka-barirestauracjawieliczka-drinki-kawa-coffeedrinks-powyzej18-1600x1155.jpg);\"><\/div>\n\n\t\t\t\t\t\t\t\t\t\n\t\t\t\t\t\t\t\t\t\t\t\t\t\t\t\t\t<\/a>\n\t\t\t\t\t\t\t\t\n\t\t\t\t\t\t\t<\/div>\n\t\t   \t \n\t\t\t\t\t\t<\/div>\n\t\t\t\t\t\t\n\t\t\t\t\n\t\t\t\n\t\t\t\t\t\t<div class=\"gallery-image-wrap quarter uncropped\" data-aos=\"fade-up\" data-aos-delay=\"100\"  >\n\n\t\t\t\t\t\t\t<div class=\"gallery-image-wrap-inner\">\n\n\t\t\t\t\t\t\t\t\t\t\t\t\t\t\t\t\t<a href=\"https:\/\/warzelniasmakow.pl\/wp-content\/uploads\/2025\/02\/warzelniasmakow-wieliczka-bar-mojito-drinkwieliczka-powyzej18-800x533.jpg\" class=\"links_to_image\" \">\n\t\t\t\t\t\t\t\t\t\t\t\t    \t\n\t\t\t\t\t\t\t\t\t<div class=\"gallery-image\" style=\"background-image: url(https:\/\/warzelniasmakow.pl\/wp-content\/uploads\/2025\/02\/warzelniasmakow-wieliczka-bar-mojito-drinkwieliczka-powyzej18-800x533.jpg);\"><\/div>\n\n\t\t\t\t\t\t\t\t\t\n\t\t\t\t\t\t\t\t\t\t\t\t\t\t\t\t\t<\/a>\n\t\t\t\t\t\t\t\t\n\t\t\t\t\t\t\t<\/div>\n\t\t   \t \n\t\t\t\t\t\t<\/div>\n\t\t\t\t\t\t\n\t\t\t\t\n\t\t\t\n\t\t\t\t\t\t<div class=\"gallery-image-wrap quarter-width square\" data-aos=\"fade-up\" data-aos-delay=\"100\"  >\n\n\t\t\t\t\t\t\t<div class=\"gallery-image-wrap-inner\">\n\n\t\t\t\t\t\t\t\t\t\t\t\t\t\t\t\t\t<a href=\"https:\/\/warzelniasmakow.pl\/wp-content\/uploads\/2025\/02\/warzelniasmakow-wieliczka-bar-drinki-drinks-cocktails-alkohol-powyzej18-1600x1155.jpg\" class=\"links_to_image\" \">\n\t\t\t\t\t\t\t\t\t\t\t\t    \t\n\t\t\t\t\t\t\t\t\t<div class=\"gallery-image\" style=\"background-image: url(https:\/\/warzelniasmakow.pl\/wp-content\/uploads\/2025\/02\/warzelniasmakow-wieliczka-bar-drinki-drinks-cocktails-alkohol-powyzej18-1600x1155.jpg);\"><\/div>\n\n\t\t\t\t\t\t\t\t\t\n\t\t\t\t\t\t\t\t\t\t\t\t\t\t\t\t\t<\/a>\n\t\t\t\t\t\t\t\t\n\t\t\t\t\t\t\t<\/div>\n\t\t   \t \n\t\t\t\t\t\t<\/div>\n\t\t\t\t\t\t\n\t\t\t\t\n\t\t\t\n\t\t\t\t\t\t<div class=\"gallery-image-wrap half-width square\" data-aos=\"fade-up\" data-aos-delay=\"100\"  >\n\n\t\t\t\t\t\t\t<div class=\"gallery-image-wrap-inner\">\n\n\t\t\t\t\t\t\t\t\t\t\t\t\t\t\t\t\t<a href=\"https:\/\/warzelniasmakow.pl\/wp-content\/uploads\/2025\/02\/untitled-8706-1600x1155.jpg\" class=\"links_to_image\" \">\n\t\t\t\t\t\t\t\t\t\t\t\t    \t\n\t\t\t\t\t\t\t\t\t<div class=\"gallery-image\" style=\"background-image: url(https:\/\/warzelniasmakow.pl\/wp-content\/uploads\/2025\/02\/untitled-8706-1600x1155.jpg);\"><\/div>\n\n\t\t\t\t\t\t\t\t\t\n\t\t\t\t\t\t\t\t\t\t\t\t\t\t\t\t\t<\/a>\n\t\t\t\t\t\t\t\t\n\t\t\t\t\t\t\t<\/div>\n\t\t   \t \n\t\t\t\t\t\t<\/div>\n\t\t\t\t\t\t\n\t\t\t\t\n\t\t\t\n\t\t\t\t\t\t<div class=\"gallery-image-wrap quarter-width square\" data-aos=\"fade-up\" data-aos-delay=\"100\"  >\n\n\t\t\t\t\t\t\t<div class=\"gallery-image-wrap-inner\">\n\n\t\t\t\t\t\t\t\t\t\t\t\t\t\t\t\t\t<a href=\"https:\/\/warzelniasmakow.pl\/wp-content\/uploads\/2025\/02\/117747231_325797118831140_2428074792352124353_n-1600x1155.jpg\" class=\"links_to_image\" \">\n\t\t\t\t\t\t\t\t\t\t\t\t    \t\n\t\t\t\t\t\t\t\t\t<div class=\"gallery-image\" style=\"background-image: url(https:\/\/warzelniasmakow.pl\/wp-content\/uploads\/2025\/02\/117747231_325797118831140_2428074792352124353_n-1600x1155.jpg);\"><\/div>\n\n\t\t\t\t\t\t\t\t\t\n\t\t\t\t\t\t\t\t\t\t\t\t\t\t\t\t\t<\/a>\n\t\t\t\t\t\t\t\t\n\t\t\t\t\t\t\t<\/div>\n\t\t   \t \n\t\t\t\t\t\t<\/div>\n\t\t\t\t\t\t\n\t\t\t\t\n\t\t\t\n\t\t\t\t\t\t<div class=\"gallery-image-wrap quarter-width square\" data-aos=\"fade-up\" data-aos-delay=\"100\"  >\n\n\t\t\t\t\t\t\t<div class=\"gallery-image-wrap-inner\">\n\n\t\t\t\t\t\t\t\t\t\t\t\t\t\t\t\t\t<a href=\"https:\/\/warzelniasmakow.pl\/wp-content\/uploads\/2024\/12\/sol-1600x1155.jpg\" class=\"links_to_image\" \">\n\t\t\t\t\t\t\t\t\t\t\t\t    \t\n\t\t\t\t\t\t\t\t\t<div class=\"gallery-image\" style=\"background-image: url(https:\/\/warzelniasmakow.pl\/wp-content\/uploads\/2024\/12\/sol-1600x1155.jpg);\"><\/div>\n\n\t\t\t\t\t\t\t\t\t\n\t\t\t\t\t\t\t\t\t\t\t\t\t\t\t\t\t<\/a>\n\t\t\t\t\t\t\t\t\n\t\t\t\t\t\t\t<\/div>\n\t\t   \t \n\t\t\t\t\t\t<\/div>\n\t\t\t\t\t\t\n\t\t\t\t\n\t\t\t\n\t\t\t\t\t\t<div class=\"gallery-image-wrap quarter-width square\" data-aos=\"fade-up\" data-aos-delay=\"100\"  >\n\n\t\t\t\t\t\t\t<div class=\"gallery-image-wrap-inner\">\n\n\t\t\t\t\t\t\t\t\t\t\t\t\t\t\t\t\t<a href=\"https:\/\/warzelniasmakow.pl\/wp-content\/uploads\/2025\/02\/Warzelnia-Dania-2023-04-57-1600x1155.jpg\" class=\"links_to_image\" \">\n\t\t\t\t\t\t\t\t\t\t\t\t    \t\n\t\t\t\t\t\t\t\t\t<div class=\"gallery-image\" style=\"background-image: url(https:\/\/warzelniasmakow.pl\/wp-content\/uploads\/2025\/02\/Warzelnia-Dania-2023-04-57-1600x1155.jpg);\"><\/div>\n\n\t\t\t\t\t\t\t\t\t\n\t\t\t\t\t\t\t\t\t\t\t\t\t\t\t\t\t<\/a>\n\t\t\t\t\t\t\t\t\n\t\t\t\t\t\t\t<\/div>\n\t\t   \t \n\t\t\t\t\t\t<\/div>\n\t\t\t\t\t\t\n\t\t\t\t\n\t\t\t\n\t\t\t\t\t\t<div class=\"gallery-image-wrap quarter-width square\" data-aos=\"fade-up\" data-aos-delay=\"100\"  >\n\n\t\t\t\t\t\t\t<div class=\"gallery-image-wrap-inner\">\n\n\t\t\t\t\t\t\t\t\t\t\t\t\t\t\t\t\t<a href=\"https:\/\/warzelniasmakow.pl\/wp-content\/uploads\/2025\/02\/warzelniasmakow-wieliczka-kaczka-duck-dinner-lunchwieliczka-obiadwieliczka-1600x1155.jpg\" class=\"links_to_image\" \">\n\t\t\t\t\t\t\t\t\t\t\t\t    \t\n\t\t\t\t\t\t\t\t\t<div class=\"gallery-image\" style=\"background-image: url(https:\/\/warzelniasmakow.pl\/wp-content\/uploads\/2025\/02\/warzelniasmakow-wieliczka-kaczka-duck-dinner-lunchwieliczka-obiadwieliczka-1600x1155.jpg);\"><\/div>\n\n\t\t\t\t\t\t\t\t\t\n\t\t\t\t\t\t\t\t\t\t\t\t\t\t\t\t\t<\/a>\n\t\t\t\t\t\t\t\t\n\t\t\t\t\t\t\t<\/div>\n\t\t   \t \n\t\t\t\t\t\t<\/div>\n\t\t\t\t\t\t\n\t\t\t\t\n\t\t\t\n\t\t\t\t\t\t<div class=\"gallery-image-wrap quarter-width square\" data-aos=\"fade-up\" data-aos-delay=\"100\"  >\n\n\t\t\t\t\t\t\t<div class=\"gallery-image-wrap-inner\">\n\n\t\t\t\t\t\t\t\t\t\t\t\t\t\t\t\t\t<a href=\"https:\/\/warzelniasmakow.pl\/wp-content\/uploads\/2025\/02\/warzelniasmakow-wieliczka-deser-dessert-szarlotka-applepie-cakewieliczka-sweet-1600x1155.jpg\" class=\"links_to_image\" \">\n\t\t\t\t\t\t\t\t\t\t\t\t    \t\n\t\t\t\t\t\t\t\t\t<div class=\"gallery-image\" style=\"background-image: url(https:\/\/warzelniasmakow.pl\/wp-content\/uploads\/2025\/02\/warzelniasmakow-wieliczka-deser-dessert-szarlotka-applepie-cakewieliczka-sweet-1600x1155.jpg);\"><\/div>\n\n\t\t\t\t\t\t\t\t\t\n\t\t\t\t\t\t\t\t\t\t\t\t\t\t\t\t\t<\/a>\n\t\t\t\t\t\t\t\t\n\t\t\t\t\t\t\t<\/div>\n\t\t   \t \n\t\t\t\t\t\t<\/div>\n\t\t\t\t\t\t\n\t\t\t\t\n\t\t\t\n\t\t\t\t\t\t<div class=\"gallery-image-wrap quarter-width square\" data-aos=\"fade-up\" data-aos-delay=\"100\"  >\n\n\t\t\t\t\t\t\t<div class=\"gallery-image-wrap-inner\">\n\n\t\t\t\t\t\t\t\t\t\t\t\t\t\t\t\t\t<a href=\"https:\/\/warzelniasmakow.pl\/wp-content\/uploads\/2025\/02\/warzelniasmakow-wieliczka-deser-dessert-sernik-cheesecake-deserwieliczka-wypieki-1600x1155.jpg\" class=\"links_to_image\" \">\n\t\t\t\t\t\t\t\t\t\t\t\t    \t\n\t\t\t\t\t\t\t\t\t<div class=\"gallery-image\" style=\"background-image: url(https:\/\/warzelniasmakow.pl\/wp-content\/uploads\/2025\/02\/warzelniasmakow-wieliczka-deser-dessert-sernik-cheesecake-deserwieliczka-wypieki-1600x1155.jpg);\"><\/div>\n\n\t\t\t\t\t\t\t\t\t\n\t\t\t\t\t\t\t\t\t\t\t\t\t\t\t\t\t<\/a>\n\t\t\t\t\t\t\t\t\n\t\t\t\t\t\t\t<\/div>\n\t\t   \t \n\t\t\t\t\t\t<\/div>\n\t\t\t\t\t\t\n\t\t\t\t\n\t\t\t\n\t\t\t\t\t\t<div class=\"gallery-image-wrap quarter-width square\" data-aos=\"fade-up\" data-aos-delay=\"100\"  >\n\n\t\t\t\t\t\t\t<div class=\"gallery-image-wrap-inner\">\n\n\t\t\t\t\t\t\t\t\t\t\t\t\t\t\t\t\t<a href=\"https:\/\/warzelniasmakow.pl\/wp-content\/uploads\/2025\/02\/Warzelnia-2021-07-21-Kaczka-16-1600x1155.jpg\" class=\"links_to_image\" \">\n\t\t\t\t\t\t\t\t\t\t\t\t    \t\n\t\t\t\t\t\t\t\t\t<div class=\"gallery-image\" style=\"background-image: url(https:\/\/warzelniasmakow.pl\/wp-content\/uploads\/2025\/02\/Warzelnia-2021-07-21-Kaczka-16-1600x1155.jpg);\"><\/div>\n\n\t\t\t\t\t\t\t\t\t\n\t\t\t\t\t\t\t\t\t\t\t\t\t\t\t\t\t<\/a>\n\t\t\t\t\t\t\t\t\n\t\t\t\t\t\t\t<\/div>\n\t\t   \t \n\t\t\t\t\t\t<\/div>\n\t\t\t\t\t\t\n\t\t\t\t\n\t\t\t\n\t\t\t\t\t\t<div class=\"gallery-image-wrap quarter-width square\" data-aos=\"fade-up\" data-aos-delay=\"100\"  >\n\n\t\t\t\t\t\t\t<div class=\"gallery-image-wrap-inner\">\n\n\t\t\t\t\t\t\t\t\t\t\t\t\t\t\t\t\t<a href=\"https:\/\/warzelniasmakow.pl\/wp-content\/uploads\/2025\/02\/Warzelnia-Dania-2023-04-174-1600x1155.jpg\" class=\"links_to_image\" \">\n\t\t\t\t\t\t\t\t\t\t\t\t    \t\n\t\t\t\t\t\t\t\t\t<div class=\"gallery-image\" style=\"background-image: url(https:\/\/warzelniasmakow.pl\/wp-content\/uploads\/2025\/02\/Warzelnia-Dania-2023-04-174-1600x1155.jpg);\"><\/div>\n\n\t\t\t\t\t\t\t\t\t\n\t\t\t\t\t\t\t\t\t\t\t\t\t\t\t\t\t<\/a>\n\t\t\t\t\t\t\t\t\n\t\t\t\t\t\t\t<\/div>\n\t\t   \t \n\t\t\t\t\t\t<\/div>\n\t\t\t\t\t\t\n\t\t\t\t\n\t\t\t\t\t\t<\/div>\n\t\t\t\t<\/div>\n\t<\/section> \n\n\n\n<div style=\"height:12px\" aria-hidden=\"true\" class=\"wp-block-spacer\"><\/div>\n\n\n\n\t<section id=\"contentboxes-mb-block-46f0d6e2-c158-4479-a6e6-ead704966dc3\" class=\"section section-contentboxes  alignfull \">\n\n\t\t<div class=\"contentboxes-wrap none\"  style=\"background-color:#dd3333\"  >\n\t\t\t\t\t<div class=\"contentboxes-masonry \">\n\n\t\t\t\t<div class=\"grid-sizer-contentboxes\"><\/div>\n\n\t\t\t\t\n\t\t\t\t<div class=\"content-box- contentboxes-image-wrap bg-none quarter-width half-height mobile-square   content-white no-vertical-text has-content cb-mobile-content-leave cb-mobile-content-vertical-leave    \"  data-aos=\"fade-up\" data-aos-delay=\"100\"   >\n\n\t\t\t\t\t<div class=\"contentboxes-image-wrap-inner\">\n\n\t\t\t\t\t\n\t\t\t\t\t\t<div class=\"contentboxes-zoom-wrap \">\n\t\t\t\t\t\t\n\t\t\t\t\t\t\n\t\t\t\t\t\t\n\t\t\t\t\t\t\t<div class=\"contentboxes-content-wrap centered-content contentboxes-content-center contentboxes-content-top\"  >\n\n\t\t\t\t\t\t\t\t\t\t\t\t\t\t\t\t<div class=\"contentboxes-content section-content\">\n\t\t\t\t\t\t\t\t\t\t\t\t\t\t\t\t\t\t\t\t\t\t\t\t\t\t\t\t\t\t\t\t\t\t                \t<h4  class=\"contentboxes-content-item contentboxes-title\"  data-aos=\"slide-up\"  >Odwied\u017a nas<\/h4>\n\t\t\t\t\t\t\t                \t\t\t\t\t\t\t                \t\t\t\t\t\t\t                \t\t\t\t\t\t\t                \t<div class=\"contentboxes-content-item contentboxes-text\"  data-aos=\"fade-right\" data-aos-delay=\"340\"  ><i class=\"fa-solid fa-location-dot\"><\/i> ul. Dani\u0142owicza 13<br>32-020 Wieliczka<\/div>\n\t\t\t\t\t\t\t                \t\t\t\t\t\t\t                \t\t\t\t\t\t\t                \t<div class=\"contentboxes-content-item contentboxes-button-wrap\">\n\t\t\t\t\t\t\t\t\t\t\t<a href=\"https:\/\/maps.app.goo.gl\/U7pMs5UAJgS7kMsr5\" class=\"contentboxes-button button   content-white\"  data-aos=\"fade-up\" data-aos-delay=\"380\"  >\n\t\t\t\t\t\t\t\t\t\t\tMapa\t\t\t\t\t\t\t\t\t\t\t<\/a>\n\t\t\t\t\t\t\t\t\t\t<\/div>\n\t\t\t\t\t\t\t                \t\t\t\t\t\t        \t<\/div>\n\t\t\t\t\t\t        \t\n\t\t\t\t\t\t\t\t\t\t\t\t\t\n\t\t\t\t\t\t<\/div>\n\t\t\t\t\t<\/div>\n\t\t\t\t\t<\/div>\n\n\t\t\t\t\t\t   \t \n\t\t\t\t<\/div>\n\t\t\t\t\t\n\t\t\t\n\t\t\t\t<div class=\"content-box- contentboxes-image-wrap bg-none quarter-width half-height mobile-uncropped   content-white no-vertical-text has-content cb-mobile-content-leave cb-mobile-content-vertical-leave    \"  data-aos=\"fade-up\" data-aos-delay=\"200\"   >\n\n\t\t\t\t\t<div class=\"contentboxes-image-wrap-inner\">\n\n\t\t\t\t\t\n\t\t\t\t\t\t<div class=\"contentboxes-zoom-wrap \">\n\t\t\t\t\t\t\n\t\t\t\t\t\t\n\t\t\t\t\t\t\n\t\t\t\t\t\t\t<div class=\"contentboxes-content-wrap centered-content contentboxes-content-center contentboxes-content-top\"  >\n\n\t\t\t\t\t\t\t\t\t\t\t\t\t\t\t\t<div class=\"contentboxes-content section-content\">\n\t\t\t\t\t\t\t\t\t\t\t\t\t\t\t\t\t\t\t\t\t\t\t\t\t\t\t\t\t\t\t\t\t\t                \t<h4  class=\"contentboxes-content-item contentboxes-title\"  data-aos=\"slide-up\"  >Godziny otwarcia<\/h4>\n\t\t\t\t\t\t\t                \t\t\t\t\t\t\t                \t\t\t\t\t\t\t                \t\t\t\t\t\t\t                \t<div class=\"contentboxes-content-item contentboxes-text\"  data-aos=\"fade-right\" data-aos-delay=\"340\"  >Pon. &#8211; niedz.<br>\r\nod 9:30<\/div>\n\t\t\t\t\t\t\t                \t\t\t\t\t\t\t                \t\t\t\t\t\t        \t<\/div>\n\t\t\t\t\t\t        \t\n\t\t\t\t\t\t\t\t\t\t\t\t\t\n\t\t\t\t\t\t<\/div>\n\t\t\t\t\t<\/div>\n\t\t\t\t\t<\/div>\n\n\t\t\t\t\t\t   \t \n\t\t\t\t<\/div>\n\t\t\t\t\t\n\t\t\t\n\t\t\t\t<div class=\"content-box- contentboxes-image-wrap bg-none quarter-width half-height mobile-uncropped    no-vertical-text no-content cb-mobile-content-leave cb-mobile-content-vertical-leave    \"  data-aos=\"fade-up\" data-aos-delay=\"300\"   >\n\n\t\t\t\t\t<div class=\"contentboxes-image-wrap-inner\">\n\n\t\t\t\t\t\n\t\t\t\t\t\t<div class=\"contentboxes-zoom-wrap \">\n\t\t\t\t\t\t\n\t\t\t\t\t\t\n\t\t\t\t\t\t\n\t\t\t\t\t\t\t<div class=\"contentboxes-content-wrap centered-content  contentboxes-content-middle\"  >\n\n\t\t\t\t\t\t\t\t\n\t\t\t\t\t\t\t\t\t\t\t\t\t\n\t\t\t\t\t\t<\/div>\n\t\t\t\t\t<\/div>\n\t\t\t\t\t<\/div>\n\n\t\t\t\t\t\t   \t \n\t\t\t\t<\/div>\n\t\t\t\t\t\n\t\t\t\n\t\t\t\t<div class=\"content-box- contentboxes-image-wrap bg-none quarter-width half-height mobile-uncropped   content-white no-vertical-text has-content cb-mobile-content-leave cb-mobile-content-vertical-leave    \"  data-aos=\"fade-up\" data-aos-delay=\"400\"   >\n\n\t\t\t\t\t<div class=\"contentboxes-image-wrap-inner\">\n\n\t\t\t\t\t\n\t\t\t\t\t\t<div class=\"contentboxes-zoom-wrap \">\n\t\t\t\t\t\t\n\t\t\t\t\t\t\n\t\t\t\t\t\t\n\t\t\t\t\t\t\t<div class=\"contentboxes-content-wrap centered-content contentboxes-content-center contentboxes-content-top\"  >\n\n\t\t\t\t\t\t\t\t\t\t\t\t\t\t\t\t<div class=\"contentboxes-content section-content\">\n\t\t\t\t\t\t\t\t\t\t\t\t\t\t\t\t\t\t\t\t\t\t\t\t\t\t\t\t\t\t\t\t\t\t                \t<h4  class=\"contentboxes-content-item contentboxes-title\"  data-aos=\"slide-up\"  >Sprawd\u017a r\u00f3wnie\u017c&#8230;<\/h4>\n\t\t\t\t\t\t\t                \t\t\t\t\t\t\t                \t\t\t\t\t\t\t                \t\t\t\t\t\t\t                \t<div class=\"contentboxes-content-item contentboxes-text\"  data-aos=\"fade-right\" data-aos-delay=\"340\"  >nasz\u0105 karczm\u0119<br>Karczma Halit &#8211; Kuchnia Wielicka<\/div>\n\t\t\t\t\t\t\t                \t\t\t\t\t\t\t                \t\t\t\t\t\t\t                \t<div class=\"contentboxes-content-item contentboxes-button-wrap\">\n\t\t\t\t\t\t\t\t\t\t\t<a href=\"https:\/\/karczmahalit.pl\" class=\"contentboxes-button button   content-white\"  data-aos=\"fade-up\" data-aos-delay=\"380\"  >\n\t\t\t\t\t\t\t\t\t\t\tWWW\t\t\t\t\t\t\t\t\t\t\t<\/a>\n\t\t\t\t\t\t\t\t\t\t<\/div>\n\t\t\t\t\t\t\t                \t\t\t\t\t\t        \t<\/div>\n\t\t\t\t\t\t        \t\n\t\t\t\t\t\t\t\t\t\t\t\t\t\n\t\t\t\t\t\t<\/div>\n\t\t\t\t\t<\/div>\n\t\t\t\t\t<\/div>\n\n\t\t\t\t\t\t   \t \n\t\t\t\t<\/div>\n\t\t\t\t\t\n\t\t\t\t\t\t<\/div>\n\t\t\t\t<\/div>\n\n\t<\/section> \n\n","protected":false},"excerpt":{"rendered":"","protected":false},"author":1,"featured_media":13173,"parent":0,"menu_order":33,"comment_status":"closed","ping_status":"closed","template":"","meta":{"footnotes":""},"class_list":["post-8399","page","type-page","status-publish","has-post-thumbnail","hentry"],"_links":{"self":[{"href":"https:\/\/warzelniasmakow.pl\/index.php\/wp-json\/wp\/v2\/pages\/8399","targetHints":{"allow":["GET"]}}],"collection":[{"href":"https:\/\/warzelniasmakow.pl\/index.php\/wp-json\/wp\/v2\/pages"}],"about":[{"href":"https:\/\/warzelniasmakow.pl\/index.php\/wp-json\/wp\/v2\/types\/page"}],"author":[{"embeddable":true,"href":"https:\/\/warzelniasmakow.pl\/index.php\/wp-json\/wp\/v2\/users\/1"}],"replies":[{"embeddable":true,"href":"https:\/\/warzelniasmakow.pl\/index.php\/wp-json\/wp\/v2\/comments?post=8399"}],"version-history":[{"count":11,"href":"https:\/\/warzelniasmakow.pl\/index.php\/wp-json\/wp\/v2\/pages\/8399\/revisions"}],"predecessor-version":[{"id":14477,"href":"https:\/\/warzelniasmakow.pl\/index.php\/wp-json\/wp\/v2\/pages\/8399\/revisions\/14477"}],"wp:featuredmedia":[{"embeddable":true,"href":"https:\/\/warzelniasmakow.pl\/index.php\/wp-json\/wp\/v2\/media\/13173"}],"wp:attachment":[{"href":"https:\/\/warzelniasmakow.pl\/index.php\/wp-json\/wp\/v2\/media?parent=8399"}],"curies":[{"name":"wp","href":"https:\/\/api.w.org\/{rel}","templated":true}]}}