{"id":14319,"date":"2025-01-13T19:33:53","date_gmt":"2025-01-13T19:33:53","guid":{"rendered":"https:\/\/warzelniasmakow.pl\/?page_id=14319"},"modified":"2025-04-02T11:07:03","modified_gmt":"2025-04-02T11:07:03","slug":"kontakt","status":"publish","type":"page","link":"https:\/\/warzelniasmakow.pl\/index.php\/kontakt\/","title":{"rendered":"Kontakt"},"content":{"rendered":"\n\t<section id=\"contentboxes-mb-block-ff51b64e-8458-4c00-987a-d268ece5a5eb\" class=\"section section-contentboxes  alignfull \">\n\n\t\t<div class=\"contentboxes-wrap none\"  >\n\t\t\t\t\t<div class=\"contentboxes-masonry \">\n\n\t\t\t\t<div class=\"grid-sizer-contentboxes\"><\/div>\n\n\t\t\t\t\n\t\t\t\t<div class=\"content-box-13178 contentboxes-image-wrap bg-image half-width square mobile-square   content-dark no-vertical-text no-content cb-mobile-content-leave cb-mobile-content-vertical-leave    \"  data-aos=\"fade-up\" data-aos-delay=\"100\"   >\n\n\t\t\t\t\t<div class=\"contentboxes-image-wrap-inner\">\n\n\t\t\t\t\t\n\t\t\t\t\t\t<div class=\"contentboxes-zoom-wrap \">\n\t\t\t\t\t\t\n\t\t\t\t\t\t\t\t\t\t\t\t\t<div class=\"contentboxbgimage\" style=\"background-image: url(https:\/\/warzelniasmakow.pl\/wp-content\/uploads\/2023\/12\/galeria8-1600x1280.jpg);\"><\/div> \n\t\t\t\t\t\t\t\t\t\t\t\t<div class=\"contentbox-overlay   gradient-contentboxes-content-middle\" >\n\t\t\t\t\t\t\n\t\t\t\t\t\t\t<div class=\"contentboxes-content-wrap centered-content contentboxes-content-left contentboxes-content-middle\"  >\n\n\t\t\t\t\t\t\t\t\n\t\t\t\t\t\t\t\t\t\t\t\t\t\t<\/div>\n\t\t\t\t\t\t\t\t\t\t\t\t\t\n\t\t\t\t\t\t<\/div>\n\t\t\t\t\t<\/div>\n\t\t\t\t\t<\/div>\n\n\t\t\t\t\t\t   \t \n\t\t\t\t<\/div>\n\t\t\t\t\t\n\t\t\t\n\t\t\t\t<div class=\"content-box- contentboxes-image-wrap bg-none half-width square mobile-uncropped   content-dark no-vertical-text has-content cb-mobile-content-leave cb-mobile-content-vertical-leave    \"  data-aos=\"fade-up\" data-aos-delay=\"200\"   >\n\n\t\t\t\t\t<div class=\"contentboxes-image-wrap-inner\">\n\n\t\t\t\t\t\n\t\t\t\t\t\t<div class=\"contentboxes-zoom-wrap \">\n\t\t\t\t\t\t\n\t\t\t\t\t\t\n\t\t\t\t\t\t\n\t\t\t\t\t\t\t<div class=\"contentboxes-content-wrap centered-content contentboxes-content-center contentboxes-content-middle\"  >\n\n\t\t\t\t\t\t\t\t\t\t\t\t\t\t\t\t<div class=\"contentboxes-content section-content\">\n\t\t\t\t\t\t\t\t\t\t\t\t\t\t\t\t\t\t\t\t\t\t\t\t\t\t\t\t\t\t\t\t\t\t                \t<h2  class=\"contentboxes-content-item contentboxes-title\"  data-aos=\"slide-up\"  >Warzelnia Smak\u00f3w<\/h2>\n\t\t\t\t\t\t\t                \t\t\t\t\t\t\t                \t\t\t\t\t\t\t                \t\t\t\t\t\t\t                \t<div class=\"contentboxes-content-item contentboxes-text\"  data-aos=\"fade-right\" data-aos-delay=\"340\"  ><p>ul. Dani\u0142owicza 13<br>\r\n32-020 Wieliczka<\/p>\r\n<p>tel. <a href=\"tel:0048664751829\">+48 664 751 829<\/a><\/p>\r\n<p>e-mail: <a href=\"mailto:restauracja@warzelniasmakow.pl\">restauracja@warzelniasmakow.pl<\/a><br>\r\ne-mail: <a href=\"mailto:biuro@warzelniasmakow.pl\">biuro@warzelniasmakow.pl<\/a><\/p>\r\n<p><a href=\"\/index.php\/polityka-prywatnosci\/\">Polityka prywatno\u015bci<\/a><\/p><\/div>\n\t\t\t\t\t\t\t                \t\t\t\t\t\t\t                \t\t\t\t\t\t\t                \t<div class=\"contentboxes-content-item contentboxes-button-wrap\">\n\t\t\t\t\t\t\t\t\t\t\t<a href=\"https:\/\/maps.app.goo.gl\/U7pMs5UAJgS7kMsr5\" class=\"contentboxes-button button button-regular  content-dark\"  data-aos=\"fade-up\" data-aos-delay=\"380\"  >\n\t\t\t\t\t\t\t\t\t\t\tMapa\t\t\t\t\t\t\t\t\t\t\t<\/a>\n\t\t\t\t\t\t\t\t\t\t<\/div>\n\t\t\t\t\t\t\t                \t\t\t\t\t\t        \t<\/div>\n\t\t\t\t\t\t        \t\n\t\t\t\t\t\t\t\t\t\t\t\t\t\n\t\t\t\t\t\t<\/div>\n\t\t\t\t\t<\/div>\n\t\t\t\t\t<\/div>\n\n\t\t\t\t\t\t   \t \n\t\t\t\t<\/div>\n\t\t\t\t\t\n\t\t\t\t\t\t<\/div>\n\t\t\t\t<\/div>\n\n\t<\/section> \n\n\n\n\n\t<section id=\"contentboxes-mb-block-8ae89468-7aa9-4c07-8908-c81bc3270fbd\" class=\"section section-contentboxes  alignfull \">\n\n\t\t<div class=\"contentboxes-wrap none\"  >\n\t\t\t\t\t<div class=\"contentboxes-masonry \">\n\n\t\t\t\t<div class=\"grid-sizer-contentboxes\"><\/div>\n\n\t\t\t\t\n\t\t\t\t<div class=\"content-box- contentboxes-image-wrap bg-none half-width square mobile-uncropped   content-dark no-vertical-text has-content cb-mobile-content-leave cb-mobile-content-vertical-leave    \"  data-aos=\"fade-up\" data-aos-delay=\"100\"   >\n\n\t\t\t\t\t<div class=\"contentboxes-image-wrap-inner\">\n\n\t\t\t\t\t\n\t\t\t\t\t\t<div class=\"contentboxes-zoom-wrap \">\n\t\t\t\t\t\t\n\t\t\t\t\t\t\n\t\t\t\t\t\t\n\t\t\t\t\t\t\t<div class=\"contentboxes-content-wrap centered-content contentboxes-content-center contentboxes-content-middle\"  >\n\n\t\t\t\t\t\t\t\t\t\t\t\t\t\t\t\t<div class=\"contentboxes-content section-content\">\n\t\t\t\t\t\t\t\t\t\t\t\t\t\t\t\t\t\t\t\t\t\t\t\t\t\t\t\t\t\t\t\t\t\t                \t\t\t\t\t\t\t                \t\t\t\t\t\t\t                \t<div class=\"contentboxes-content-item contentboxes-text\"  data-aos=\"fade-up\" data-aos-delay=\"340\"  >\n<div class=\"wpcf7 no-js\" id=\"wpcf7-f14320-o1\" lang=\"pl-PL\" dir=\"ltr\" data-wpcf7-id=\"14320\">\n<div class=\"screen-reader-response\"><p role=\"status\" aria-live=\"polite\" aria-atomic=\"true\"><\/p> <ul><\/ul><\/div>\n<form action=\"\/index.php\/wp-json\/wp\/v2\/pages\/14319#wpcf7-f14320-o1\" method=\"post\" class=\"wpcf7-form init\" aria-label=\"Formularz kontaktowy\" novalidate=\"novalidate\" data-status=\"init\">\n<div style=\"display: none;\">\n<input type=\"hidden\" name=\"_wpcf7\" value=\"14320\" \/>\n<input type=\"hidden\" name=\"_wpcf7_version\" value=\"6.0.2\" \/>\n<input type=\"hidden\" name=\"_wpcf7_locale\" value=\"pl_PL\" \/>\n<input type=\"hidden\" name=\"_wpcf7_unit_tag\" value=\"wpcf7-f14320-o1\" \/>\n<input type=\"hidden\" name=\"_wpcf7_container_post\" value=\"0\" \/>\n<input type=\"hidden\" name=\"_wpcf7_posted_data_hash\" value=\"\" \/>\n<input type=\"hidden\" name=\"_wpcf7_recaptcha_response\" value=\"\" \/>\n<\/div>\n<p><label> Twoje imi\u0119 i nazwisko<br \/>\n<span class=\"wpcf7-form-control-wrap\" data-name=\"your-name\"><input size=\"40\" maxlength=\"400\" class=\"wpcf7-form-control wpcf7-text wpcf7-validates-as-required\" autocomplete=\"name\" aria-required=\"true\" aria-invalid=\"false\" value=\"\" type=\"text\" name=\"your-name\" \/><\/span> <\/label>\n<\/p>\n<p><label> Tw\u00f3j adres e-mail<br \/>\n<span class=\"wpcf7-form-control-wrap\" data-name=\"your-email\"><input size=\"40\" maxlength=\"400\" class=\"wpcf7-form-control wpcf7-email wpcf7-validates-as-required wpcf7-text wpcf7-validates-as-email\" autocomplete=\"email\" aria-required=\"true\" aria-invalid=\"false\" value=\"\" type=\"email\" name=\"your-email\" \/><\/span> <\/label>\n<\/p>\n<p><label> Temat<br \/>\n<span class=\"wpcf7-form-control-wrap\" data-name=\"your-subject\"><input size=\"40\" maxlength=\"400\" class=\"wpcf7-form-control wpcf7-text wpcf7-validates-as-required\" aria-required=\"true\" aria-invalid=\"false\" value=\"\" type=\"text\" name=\"your-subject\" \/><\/span> <\/label>\n<\/p>\n<p><label> Twoja wiadomo\u015bci (opcjonalne)<br \/>\n<span class=\"wpcf7-form-control-wrap\" data-name=\"your-message\"><textarea cols=\"40\" rows=\"10\" maxlength=\"2000\" class=\"wpcf7-form-control wpcf7-textarea\" aria-invalid=\"false\" name=\"your-message\"><\/textarea><\/span> <\/label>\n<\/p>\n<p><input class=\"wpcf7-form-control wpcf7-submit has-spinner\" type=\"submit\" value=\"Wy\u015blij\" \/>\n<\/p><div class=\"wpcf7-response-output\" aria-hidden=\"true\"><\/div>\n<\/form>\n<\/div>\n<\/div>\n\t\t\t\t\t\t\t                \t\t\t\t\t\t\t                \t\t\t\t\t\t        \t<\/div>\n\t\t\t\t\t\t        \t\n\t\t\t\t\t\t\t\t\t\t\t\t\t\n\t\t\t\t\t\t<\/div>\n\t\t\t\t\t<\/div>\n\t\t\t\t\t<\/div>\n\n\t\t\t\t\t\t   \t \n\t\t\t\t<\/div>\n\t\t\t\t\t\n\t\t\t\n\t\t\t\t<div class=\"content-box-14401 contentboxes-image-wrap bg-image half-width square mobile-square   content-dark no-vertical-text no-content cb-mobile-content-leave cb-mobile-content-vertical-leave    \"  data-aos=\"fade-up\" data-aos-delay=\"200\"   >\n\n\t\t\t\t\t<div class=\"contentboxes-image-wrap-inner\">\n\n\t\t\t\t\t\n\t\t\t\t\t\t<div class=\"contentboxes-zoom-wrap \">\n\t\t\t\t\t\t\n\t\t\t\t\t\t\t\t\t\t\t\t\t<div class=\"contentboxbgimage\" style=\"background-image: url(https:\/\/warzelniasmakow.pl\/wp-content\/uploads\/2025\/02\/warzelniasmakow-wieliczka-budynek-kopalniasoli-danilowiczawieliczka-restaurantwieliczka-1600x1155.jpg);\"><\/div> \n\t\t\t\t\t\t\t\t\t\t\t\t<div class=\"contentbox-overlay   gradient-contentboxes-content-middle\" >\n\t\t\t\t\t\t\n\t\t\t\t\t\t\t<div class=\"contentboxes-content-wrap centered-content contentboxes-content-left contentboxes-content-middle\"  >\n\n\t\t\t\t\t\t\t\t\n\t\t\t\t\t\t\t\t\t\t\t\t\t\t<\/div>\n\t\t\t\t\t\t\t\t\t\t\t\t\t\n\t\t\t\t\t\t<\/div>\n\t\t\t\t\t<\/div>\n\t\t\t\t\t<\/div>\n\n\t\t\t\t\t\t   \t \n\t\t\t\t<\/div>\n\t\t\t\t\t\n\t\t\t\t\t\t<\/div>\n\t\t\t\t<\/div>\n\n\t<\/section> \n\n\n\n\n\t<section id=\"contentboxes-mb-block-29712ecf-7383-4082-8240-5505abbeef53\" class=\"section section-contentboxes  alignfull \">\n\n\t\t<div class=\"contentboxes-wrap none\"  style=\"background-color:#dd3333\"  >\n\t\t\t\t\t<div class=\"contentboxes-masonry \">\n\n\t\t\t\t<div class=\"grid-sizer-contentboxes\"><\/div>\n\n\t\t\t\t\n\t\t\t\t<div class=\"content-box- contentboxes-image-wrap bg-none quarter-width half-height mobile-square   content-white no-vertical-text has-content cb-mobile-content-leave cb-mobile-content-vertical-leave    \"  data-aos=\"fade-up\" data-aos-delay=\"100\"   >\n\n\t\t\t\t\t<div class=\"contentboxes-image-wrap-inner\">\n\n\t\t\t\t\t\n\t\t\t\t\t\t<div class=\"contentboxes-zoom-wrap \">\n\t\t\t\t\t\t\n\t\t\t\t\t\t\n\t\t\t\t\t\t\n\t\t\t\t\t\t\t<div class=\"contentboxes-content-wrap centered-content contentboxes-content-center contentboxes-content-top\"  >\n\n\t\t\t\t\t\t\t\t\t\t\t\t\t\t\t\t<div class=\"contentboxes-content section-content\">\n\t\t\t\t\t\t\t\t\t\t\t\t\t\t\t\t\t\t\t\t\t\t\t\t\t\t\t\t\t\t\t\t\t\t                \t<h4  class=\"contentboxes-content-item contentboxes-title\"  data-aos=\"slide-up\"  >Odwied\u017a nas<\/h4>\n\t\t\t\t\t\t\t                \t\t\t\t\t\t\t                \t\t\t\t\t\t\t                \t\t\t\t\t\t\t                \t<div class=\"contentboxes-content-item contentboxes-text\"  data-aos=\"fade-right\" data-aos-delay=\"340\"  ><i class=\"fa-solid fa-location-dot\"><\/i> ul. Dani\u0142owicza 13<br>32-020 Wieliczka<\/div>\n\t\t\t\t\t\t\t                \t\t\t\t\t\t\t                \t\t\t\t\t\t\t                \t<div class=\"contentboxes-content-item contentboxes-button-wrap\">\n\t\t\t\t\t\t\t\t\t\t\t<a href=\"https:\/\/maps.app.goo.gl\/U7pMs5UAJgS7kMsr5\" class=\"contentboxes-button button   content-white\"  data-aos=\"fade-up\" data-aos-delay=\"380\"  >\n\t\t\t\t\t\t\t\t\t\t\tMapa\t\t\t\t\t\t\t\t\t\t\t<\/a>\n\t\t\t\t\t\t\t\t\t\t<\/div>\n\t\t\t\t\t\t\t                \t\t\t\t\t\t        \t<\/div>\n\t\t\t\t\t\t        \t\n\t\t\t\t\t\t\t\t\t\t\t\t\t\n\t\t\t\t\t\t<\/div>\n\t\t\t\t\t<\/div>\n\t\t\t\t\t<\/div>\n\n\t\t\t\t\t\t   \t \n\t\t\t\t<\/div>\n\t\t\t\t\t\n\t\t\t\n\t\t\t\t<div class=\"content-box- contentboxes-image-wrap bg-none quarter-width half-height mobile-uncropped   content-white no-vertical-text has-content cb-mobile-content-leave cb-mobile-content-vertical-leave    \"  data-aos=\"fade-up\" data-aos-delay=\"200\"   >\n\n\t\t\t\t\t<div class=\"contentboxes-image-wrap-inner\">\n\n\t\t\t\t\t\n\t\t\t\t\t\t<div class=\"contentboxes-zoom-wrap \">\n\t\t\t\t\t\t\n\t\t\t\t\t\t\n\t\t\t\t\t\t\n\t\t\t\t\t\t\t<div class=\"contentboxes-content-wrap centered-content contentboxes-content-center contentboxes-content-top\"  >\n\n\t\t\t\t\t\t\t\t\t\t\t\t\t\t\t\t<div class=\"contentboxes-content section-content\">\n\t\t\t\t\t\t\t\t\t\t\t\t\t\t\t\t\t\t\t\t\t\t\t\t\t\t\t\t\t\t\t\t\t\t                \t<h4  class=\"contentboxes-content-item contentboxes-title\"  data-aos=\"slide-up\"  >Godziny otwarcia<\/h4>\n\t\t\t\t\t\t\t                \t\t\t\t\t\t\t                \t\t\t\t\t\t\t                \t\t\t\t\t\t\t                \t<div class=\"contentboxes-content-item contentboxes-text\"  data-aos=\"fade-right\" data-aos-delay=\"340\"  >Pon. &#8211; niedz.<br>\r\nod 9:30<\/div>\n\t\t\t\t\t\t\t                \t\t\t\t\t\t\t                \t\t\t\t\t\t        \t<\/div>\n\t\t\t\t\t\t        \t\n\t\t\t\t\t\t\t\t\t\t\t\t\t\n\t\t\t\t\t\t<\/div>\n\t\t\t\t\t<\/div>\n\t\t\t\t\t<\/div>\n\n\t\t\t\t\t\t   \t \n\t\t\t\t<\/div>\n\t\t\t\t\t\n\t\t\t\n\t\t\t\t<div class=\"content-box- contentboxes-image-wrap bg-none quarter-width half-height mobile-uncropped    no-vertical-text no-content cb-mobile-content-leave cb-mobile-content-vertical-leave    \"  data-aos=\"fade-up\" data-aos-delay=\"300\"   >\n\n\t\t\t\t\t<div class=\"contentboxes-image-wrap-inner\">\n\n\t\t\t\t\t\n\t\t\t\t\t\t<div class=\"contentboxes-zoom-wrap \">\n\t\t\t\t\t\t\n\t\t\t\t\t\t\n\t\t\t\t\t\t\n\t\t\t\t\t\t\t<div class=\"contentboxes-content-wrap centered-content  contentboxes-content-middle\"  >\n\n\t\t\t\t\t\t\t\t\n\t\t\t\t\t\t\t\t\t\t\t\t\t\n\t\t\t\t\t\t<\/div>\n\t\t\t\t\t<\/div>\n\t\t\t\t\t<\/div>\n\n\t\t\t\t\t\t   \t \n\t\t\t\t<\/div>\n\t\t\t\t\t\n\t\t\t\n\t\t\t\t<div class=\"content-box- contentboxes-image-wrap bg-none quarter-width half-height mobile-uncropped   content-white no-vertical-text has-content cb-mobile-content-leave cb-mobile-content-vertical-leave    \"  data-aos=\"fade-up\" data-aos-delay=\"400\"   >\n\n\t\t\t\t\t<div class=\"contentboxes-image-wrap-inner\">\n\n\t\t\t\t\t\n\t\t\t\t\t\t<div class=\"contentboxes-zoom-wrap \">\n\t\t\t\t\t\t\n\t\t\t\t\t\t\n\t\t\t\t\t\t\n\t\t\t\t\t\t\t<div class=\"contentboxes-content-wrap centered-content contentboxes-content-center contentboxes-content-top\"  >\n\n\t\t\t\t\t\t\t\t\t\t\t\t\t\t\t\t<div class=\"contentboxes-content section-content\">\n\t\t\t\t\t\t\t\t\t\t\t\t\t\t\t\t\t\t\t\t\t\t\t\t\t\t\t\t\t\t\t\t\t\t                \t<h4  class=\"contentboxes-content-item contentboxes-title\"  data-aos=\"slide-up\"  >Sprawd\u017a r\u00f3wnie\u017c&#8230;<\/h4>\n\t\t\t\t\t\t\t                \t\t\t\t\t\t\t                \t\t\t\t\t\t\t                \t\t\t\t\t\t\t                \t<div class=\"contentboxes-content-item contentboxes-text\"  data-aos=\"fade-right\" data-aos-delay=\"340\"  >nasz\u0105 karczm\u0119<br>Karczma Halit &#8211; Kuchnia Wielicka<\/div>\n\t\t\t\t\t\t\t                \t\t\t\t\t\t\t                \t\t\t\t\t\t\t                \t<div class=\"contentboxes-content-item contentboxes-button-wrap\">\n\t\t\t\t\t\t\t\t\t\t\t<a href=\"https:\/\/karczmahalit.pl\" class=\"contentboxes-button button   content-white\"  data-aos=\"fade-up\" data-aos-delay=\"380\"  >\n\t\t\t\t\t\t\t\t\t\t\tWWW\t\t\t\t\t\t\t\t\t\t\t<\/a>\n\t\t\t\t\t\t\t\t\t\t<\/div>\n\t\t\t\t\t\t\t                \t\t\t\t\t\t        \t<\/div>\n\t\t\t\t\t\t        \t\n\t\t\t\t\t\t\t\t\t\t\t\t\t\n\t\t\t\t\t\t<\/div>\n\t\t\t\t\t<\/div>\n\t\t\t\t\t<\/div>\n\n\t\t\t\t\t\t   \t \n\t\t\t\t<\/div>\n\t\t\t\t\t\n\t\t\t\t\t\t<\/div>\n\t\t\t\t<\/div>\n\n\t<\/section> \n\n","protected":false},"excerpt":{"rendered":"","protected":false},"author":1,"featured_media":13174,"parent":0,"menu_order":0,"comment_status":"closed","ping_status":"closed","template":"","meta":{"footnotes":""},"class_list":["post-14319","page","type-page","status-publish","has-post-thumbnail","hentry"],"_links":{"self":[{"href":"https:\/\/warzelniasmakow.pl\/index.php\/wp-json\/wp\/v2\/pages\/14319","targetHints":{"allow":["GET"]}}],"collection":[{"href":"https:\/\/warzelniasmakow.pl\/index.php\/wp-json\/wp\/v2\/pages"}],"about":[{"href":"https:\/\/warzelniasmakow.pl\/index.php\/wp-json\/wp\/v2\/types\/page"}],"author":[{"embeddable":true,"href":"https:\/\/warzelniasmakow.pl\/index.php\/wp-json\/wp\/v2\/users\/1"}],"replies":[{"embeddable":true,"href":"https:\/\/warzelniasmakow.pl\/index.php\/wp-json\/wp\/v2\/comments?post=14319"}],"version-history":[{"count":11,"href":"https:\/\/warzelniasmakow.pl\/index.php\/wp-json\/wp\/v2\/pages\/14319\/revisions"}],"predecessor-version":[{"id":14905,"href":"https:\/\/warzelniasmakow.pl\/index.php\/wp-json\/wp\/v2\/pages\/14319\/revisions\/14905"}],"wp:featuredmedia":[{"embeddable":true,"href":"https:\/\/warzelniasmakow.pl\/index.php\/wp-json\/wp\/v2\/media\/13174"}],"wp:attachment":[{"href":"https:\/\/warzelniasmakow.pl\/index.php\/wp-json\/wp\/v2\/media?parent=14319"}],"curies":[{"name":"wp","href":"https:\/\/api.w.org\/{rel}","templated":true}]}}